{"id":27,"date":"2026-01-08T09:27:13","date_gmt":"2026-01-08T09:27:13","guid":{"rendered":"https:\/\/gruppe-2.sprudlarhub.at\/?page_id=27"},"modified":"2026-01-08T09:38:10","modified_gmt":"2026-01-08T09:38:10","slug":"kontakt","status":"publish","type":"page","link":"https:\/\/gruppe-2.sprudlarhub.at\/index.php\/kontakt\/","title":{"rendered":"Kontakt"},"content":{"rendered":"\n<p>Wenn Sie fragen \u00fcber unsere Ausbildung oder unsere pers\u00f6nliche Erfahrungen wissen m\u00f6chten kontaktieren Sie uns einfach \u00fcber unsere E-Mail oder Telefon. <\/p>\n\n\n\n<p>E-Mail: lernen.entwickeln@htl-reutte.at <\/p>\n\n\n\n<p>Telefon: +43 676 2056893<\/p>\n\n\n\n<p><\/p>\n","protected":false},"excerpt":{"rendered":"<p>Wenn Sie fragen \u00fcber unsere Ausbildung oder unsere pers\u00f6nliche Erfahrungen wissen m\u00f6chten kontaktieren Sie uns einfach \u00fcber unsere E-Mail oder Telefon. E-Mail: lernen.entwickeln@htl-reutte.at Telefon: +43 676 2056893<\/p>\n","protected":false},"author":1,"featured_media":0,"parent":0,"menu_order":0,"comment_status":"closed","ping_status":"closed","template":"","meta":{"footnotes":""},"class_list":["post-27","page","type-page","status-publish","hentry"],"_links":{"self":[{"href":"https:\/\/gruppe-2.sprudlarhub.at\/index.php\/wp-json\/wp\/v2\/pages\/27","targetHints":{"allow":["GET"]}}],"collection":[{"href":"https:\/\/gruppe-2.sprudlarhub.at\/index.php\/wp-json\/wp\/v2\/pages"}],"about":[{"href":"https:\/\/gruppe-2.sprudlarhub.at\/index.php\/wp-json\/wp\/v2\/types\/page"}],"author":[{"embeddable":true,"href":"https:\/\/gruppe-2.sprudlarhub.at\/index.php\/wp-json\/wp\/v2\/users\/1"}],"replies":[{"embeddable":true,"href":"https:\/\/gruppe-2.sprudlarhub.at\/index.php\/wp-json\/wp\/v2\/comments?post=27"}],"version-history":[{"count":2,"href":"https:\/\/gruppe-2.sprudlarhub.at\/index.php\/wp-json\/wp\/v2\/pages\/27\/revisions"}],"predecessor-version":[{"id":40,"href":"https:\/\/gruppe-2.sprudlarhub.at\/index.php\/wp-json\/wp\/v2\/pages\/27\/revisions\/40"}],"wp:attachment":[{"href":"https:\/\/gruppe-2.sprudlarhub.at\/index.php\/wp-json\/wp\/v2\/media?parent=27"}],"curies":[{"name":"wp","href":"https:\/\/api.w.org\/{rel}","templated":true}]}}