{"id":81,"date":"2026-01-15T09:16:40","date_gmt":"2026-01-15T09:16:40","guid":{"rendered":"https:\/\/gruppe-2.sprudlarhub.at\/?page_id=81"},"modified":"2026-01-15T09:19:31","modified_gmt":"2026-01-15T09:19:31","slug":"impressum","status":"publish","type":"page","link":"https:\/\/gruppe-2.sprudlarhub.at\/index.php\/impressum\/","title":{"rendered":"Impressum"},"content":{"rendered":"\n<p>Informationspflicht gem. \u00a7 5 Abs. 1 E-Commerce-Gesetz und Offenlegungspflicht gem. \u00a7 25 Mediengesetz&nbsp;<br>&nbsp;<br>Dipl.-Ing. Dr. Peter L. Steger&nbsp;<br>Bahnhofstrasse 20 b&nbsp;<br>A-6632 Ehrwald\/Tirol&nbsp;<br>&nbsp;<br>Telefon: +43 676 8141 9114&nbsp;&nbsp;<br>e-mail:&nbsp; htl@stptech.at&nbsp;&nbsp;<br>&nbsp;<\/p>\n\n\n\n<p>Haftungs- und Urheberrechtshinweise:&nbsp;&nbsp;<\/p>\n\n\n\n<p>Wir sind bem\u00fcht, dass die auf dieser Website enthaltenen Informationen und Daten zutreffend sowie aktuell sind. Eine Haftung oder Garantie f\u00fcr die Aktualit\u00e4t, Richtigkeit und Vollst\u00e4ndigkeit der zur Verf\u00fcgung gestellten Informationen und Daten ist jedoch ausgeschlossen. Dies gilt ebenso f\u00fcr&nbsp;alle\u202f Websites, auf die mittels eines Hyperlinks verwiesen wird. Wir sind f\u00fcr den Inhalt von Websites, die mittels einer solchen Verbindung erreicht werden, nicht verantwortlich. Wir behalten uns&nbsp;vor die bereitgestellten Informationen oder Daten ohne Ank\u00fcndigung zu \u00e4ndern oder Erg\u00e4nzungen vorzunehmen. S\u00e4mtliche Rechte an Bildern und Texte auf dieser Website, die von uns erstellt wurden, bleiben bei&nbsp;uns. Eine Nutzung ohne vorherige schriftliche Genehmigung von&nbsp;uns&nbsp;ist nicht zul\u00e4ssig und wird urheberrechtlich verfolgt.&nbsp;<\/p>\n\n\n\n<p>Copyright: \u00a9 2025-26\u00a0by\u00a0Peter L. Steger\u00a0<br>Wir behalten uns alle Rechte vor. Diese Webseite einschlie\u00dflich aller seiner Teile wie Daten und Bilder ist urheberrechtlich gesch\u00fctzt. Jede Verwendung au\u00dferhalb der engen Grenzen des Urheberrechtsgesetzes ist ohne Zustimmung von STP-Tech unzul\u00e4ssig und strafbar. Dies gilt insbesondere f\u00fcr Vervielf\u00e4ltigungen, \u00dcbersetzungen, Mikroverfilmungen und die Verarbeitung oder Weiterverarbeitung in elektronischen Systemen.\u00a0\u00a0<\/p>\n\n\n\n<p><strong>Datenschutzerkl\u00e4rung:&nbsp;<\/strong>&nbsp;<\/p>\n\n\n\n<p>Wir freuen uns \u00fcber Ihren Besuch auf unserer Webseite und Ihr Interesse an unserem Verein. S\u00e4mtliche auf dieser Webseite erhobenen pers\u00f6nlichen Daten werden ausschlie\u00dflich zu Ihrer individuellen Betreuung, der \u00dcbersendung von Informationen, der Unterbreitung von Angeboten oder der Auftragsabwicklung gespeichert, verarbeitet und ggf. an unsere Partnerunternehmen weitergegeben.&nbsp;&nbsp;<\/p>\n\n\n\n<p>Der Schutz Ihrer pers\u00f6nlichen Daten ist uns ein besonderes Anliegen. Wir verarbeiten Ihre Daten daher ausschlie\u00dflich auf Grundlage der gesetzlichen Bestimmungen (DSGVO, TKG 2003). In diesen Datenschutzinformationen informieren wir Sie \u00fcber die wichtigsten Aspekte der Datenverarbeitung im Rahmen unserer Website.&nbsp;<\/p>\n\n\n\n<p>Unsere Mitarbeiter haben jedoch keinen&nbsp;Einflu\u00df&nbsp;auf die Sicherheit der Daten\u00fcbermittlung im Internet. Bitte bedenken Sie dieses vor Ihrer Entscheidung, Informationen \u00fcber das Internet an uns weiterzuleiten.&nbsp;&nbsp;<\/p>\n\n\n\n<p><strong>Kontakt mit uns<\/strong>&nbsp;<\/p>\n\n\n\n<p>Wenn Sie per&nbsp;E-Mail Kontakt&nbsp;mit uns aufnehmen, werden Ihre angegebenen Daten zwecks Bearbeitung der Anfrage und f\u00fcr den Fall von Anschlussfragen&nbsp;max&nbsp;drei&nbsp;Monate bei uns gespeichert. Diese Daten geben wir nicht ohne Ihre Einwilligung weiter.&nbsp;<\/p>\n\n\n\n<p><strong>Cookies<\/strong>&nbsp;<\/p>\n\n\n\n<p>Unsere Website selbst verwendet keine so genannten Cookies. Sie k\u00f6nnen Ihren Browser Cookies deaktivieren. Damit wird die Funktionalit\u00e4t unserer Website nicht eingeschr\u00e4nkt sein.&nbsp;<\/p>\n\n\n\n<p><strong>Web-Analyse<\/strong>&nbsp;<\/p>\n\n\n\n<p>Diese Website benutzt Google Analytics, einen Webanalysedienst der Google Inc. (\u201eGoogle\u201c, 1600&nbsp;Amphitheatre&nbsp;Parkway Mountain View, CA 94043, USA.). Google Analytics verwendet sog. \u201eCookies\u201c, Textdateien, die auf Ihrem Computer gespeichert werden und die eine Analyse der Benutzung der Website durch Sie erm\u00f6glichen. Die durch Cookies erzeugten Informationen \u00fcber Ihre Benutzung dieser Website (einschlie\u00dflich Ihrer IP-Adresse) wird an einen Server von Google in Europa oder in den USA \u00fcbertragen und dort gespeichert. Google wird diese Informationen benutzen, um Ihre Nutzung der Website auszuwerten, um Reports \u00fcber die Websiteaktivit\u00e4ten f\u00fcr die Websitebetreiber zusammenzustellen und um weitere mit der Websitenutzung und der Internetnutzung verbundene Dienstleistungen zu erbringen. Detaillierte Informationen hierzu finden sie in der Datenschutzerkl\u00e4rung von Google:&nbsp;\u202f<a href=\"https:\/\/support.google.com\/analytics\/answer\/6004245?hl=de\" target=\"_blank\" rel=\"noreferrer noopener\">https:\/\/support.google.com\/analytics\/answer\/6004245?hl=de<\/a>\u202f&nbsp;<\/p>\n\n\n\n<p>Wir haben mit Google einen Standardvertrag zur Auftragsdatenverarbeitung abgeschlossen (Konto-ID 46943259), der wiederum den Richtlinien des Privacy Shield-Abkommen entspricht. Wir k\u00f6nnen allerdings nicht ausschlie\u00dfen, dass Google diese Informationen gegebenenfalls an Dritte \u00fcbertragen wird, sofern dies gesetzlich vorgeschrieben oder&nbsp;soweit&nbsp;Dritte diese Daten im Auftrag von Google verarbeiten.&nbsp;<\/p>\n\n\n\n<p>Sie k\u00f6nnen die Installation der Cookies durch eine entsprechende Einstellung Ihrer Browser Software verhindern. Durch die Nutzung dieser Website erkl\u00e4ren Sie sich mit der Bearbeitung der \u00fcber Sie erhobenen Daten durch Google in der zuvor beschriebenen Art und Weise und zu dem zuvor benannten Zweck einverstanden.&nbsp;<\/p>\n\n\n\n<p>Sie k\u00f6nnen der Erhebung der Daten durch Google-Analytics mit Wirkung f\u00fcr die Zukunft widersprechen, indem sie ein Deaktivierungs-Add-on (<a href=\"http:\/\/tools.google.com\/dlpage\/gaoptout?hl=de\" target=\"_blank\" rel=\"noreferrer noopener\">http:\/\/tools.google.com\/dlpage\/gaoptout?hl=de<\/a>) f\u00fcr Ihren Browser installieren. Alternativ k\u00f6nnen sie einen \u201eOpt-Out-Cookie\u201d setzten, der die Erfassung Ihrer Daten bei zuk\u00fcnftigen Besuchen dieser Website verhindert:&nbsp;<a href=\"https:\/\/www.wko.at\/service\/Datenschutzerklaerung---Cookie-Richtlinie.html\" target=\"_blank\" rel=\"noreferrer noopener\">Google Analytics deaktivieren.<\/a>&nbsp;<\/p>\n\n\n\n<p><strong>IP-Anonymisierung&nbsp;<\/strong>&nbsp;<br>Wir nutzen die Funktion &#8222;Aktivierung der IP-Anonymisierung&#8220; auf dieser Webseite. Dadurch wird Ihre IP-Adresse von Google innerhalb von Mitgliedstaaten der Europ\u00e4ischen Union oder in anderen Vertragsstaaten des Abkommens \u00fcber den Europ\u00e4ischen Wirtschaftsraum zuvor gek\u00fcrzt. Nur in Ausnahmef\u00e4llen wird die volle IP-Adresse an einen Server von Google in den USA \u00fcbertragen und dort gek\u00fcrzt. Im Auftrag des Betreibers dieser Website wird Google diese Informationen benutzen, um Ihre Nutzung der Website auszuwerten, um Reports \u00fcber die Websiteaktivit\u00e4ten zusammenzustellen und um weitere mit der Websitenutzung und der Internetnutzung verbundene Dienstleistungen gegen\u00fcber dem Websitebetreiber zu erbringen. Die im Rahmen von Google Analytics von Ihrem Browser \u00fcbermittelte IP-Adresse wird nicht mit anderen Daten von Google zusammengef\u00fchrt.&nbsp;<\/p>\n\n\n\n<p><strong>Newsletter &amp;&nbsp;Webshot&nbsp;&amp;&nbsp;Social&nbsp;Media<\/strong>&nbsp;<\/p>\n\n\n\n<p>Wir bieten keine Newsletter und auch keinen Webshop an und wir verwenden auch keine&nbsp;Social&nbsp;Media Plugins.&nbsp;<\/p>\n\n\n\n<p><strong>Ihre Rechte<\/strong>&nbsp;<\/p>\n\n\n\n<p>Ihnen stehen grunds\u00e4tzlich die Rechte auf Auskunft, Berichtigung, L\u00f6schung, Einschr\u00e4nkung, Daten\u00fcbertragbarkeit, Widerruf und Widerspruch zu. Wenn Sie glauben, dass die Verarbeitung Ihrer Daten gegen das Datenschutzrecht verst\u00f6\u00dft oder Ihre datenschutzrechtlichen Anspr\u00fcche sonst in einer Weise verletzt worden sind, k\u00f6nnen Sie sich bei der Aufsichtsbeh\u00f6rde beschweren. In \u00d6sterreich ist dies die Datenschutzbeh\u00f6rde.&nbsp;<\/p>\n","protected":false},"excerpt":{"rendered":"<p>Informationspflicht gem. \u00a7 5 Abs. 1 E-Commerce-Gesetz und Offenlegungspflicht gem. \u00a7 25 Mediengesetz&nbsp;&nbsp;Dipl.-Ing. Dr. Peter L. Steger&nbsp;Bahnhofstrasse 20 b&nbsp;A-6632 Ehrwald\/Tirol&nbsp;&nbsp;Telefon: +43 676 8141 9114&nbsp;&nbsp;e-mail:&nbsp; htl@stptech.at&nbsp;&nbsp;&nbsp; Haftungs- und Urheberrechtshinweise:&nbsp;&nbsp; Wir sind bem\u00fcht, dass die auf dieser&hellip;<\/p>\n","protected":false},"author":1,"featured_media":0,"parent":0,"menu_order":0,"comment_status":"closed","ping_status":"closed","template":"","meta":{"footnotes":""},"class_list":["post-81","page","type-page","status-publish","hentry"],"_links":{"self":[{"href":"https:\/\/gruppe-2.sprudlarhub.at\/index.php\/wp-json\/wp\/v2\/pages\/81","targetHints":{"allow":["GET"]}}],"collection":[{"href":"https:\/\/gruppe-2.sprudlarhub.at\/index.php\/wp-json\/wp\/v2\/pages"}],"about":[{"href":"https:\/\/gruppe-2.sprudlarhub.at\/index.php\/wp-json\/wp\/v2\/types\/page"}],"author":[{"embeddable":true,"href":"https:\/\/gruppe-2.sprudlarhub.at\/index.php\/wp-json\/wp\/v2\/users\/1"}],"replies":[{"embeddable":true,"href":"https:\/\/gruppe-2.sprudlarhub.at\/index.php\/wp-json\/wp\/v2\/comments?post=81"}],"version-history":[{"count":2,"href":"https:\/\/gruppe-2.sprudlarhub.at\/index.php\/wp-json\/wp\/v2\/pages\/81\/revisions"}],"predecessor-version":[{"id":83,"href":"https:\/\/gruppe-2.sprudlarhub.at\/index.php\/wp-json\/wp\/v2\/pages\/81\/revisions\/83"}],"wp:attachment":[{"href":"https:\/\/gruppe-2.sprudlarhub.at\/index.php\/wp-json\/wp\/v2\/media?parent=81"}],"curies":[{"name":"wp","href":"https:\/\/api.w.org\/{rel}","templated":true}]}}